{"id":2550,"date":"2024-10-02T07:03:47","date_gmt":"2024-10-02T07:03:47","guid":{"rendered":"https:\/\/mythosgreek.com\/?page_id=2550"},"modified":"2024-12-05T15:30:33","modified_gmt":"2024-12-05T15:30:33","slug":"legal-notice","status":"publish","type":"page","link":"https:\/\/mythosgreek.com\/es\/legal-notice\/","title":{"rendered":"Aviso legal"},"content":{"rendered":"<h2>Pre\u00e1mbulo<\/h2>\n<p>De conformidad con lo dispuesto en los art\u00edculos 6-III y 19 de la Ley n\u00ba 2004-575 del 21 de junio de 2004, para la Confianza en la Econom\u00eda Digital (conocida como LCEN), los siguientes avisos legales se ponen a disposici\u00f3n de los usuarios y visitantes, en adelante denominados el \u00abUsuario\u00bb, del sitio web. <a href=\"https:\/\/mythosgreek.com\/es\/\">https:\/\/mythosgreek.com<\/a>, en adelante denominado el \u201cSitio Web\u201d.<\/p>\n<p>La conexi\u00f3n y navegaci\u00f3n por el Sitio Web por parte del Usuario implica la aceptaci\u00f3n plena y sin reservas de las presentes condiciones legales.<\/p>\n<p>Estos avisos son accesibles en el Sitio Web en la secci\u00f3n \u201cAviso Legal\u201d.<\/p>\n<h2>El editor<\/h2>\n<p>Este sitio web, accesible en <a href=\"https:\/\/mythosgreek.com\/es\/\">https:\/\/mythosgreek.com<\/a>, es desarrollado por S&amp;M COMPANY VBA, c\u00f3digo APE 46.90Z, bajo el n\u00famero Siret 89202339100014, con sede social en la siguiente direcci\u00f3n:<\/p>\n<ul>\n<li aria-level=\"1\">EMPRESA S&amp;M VBA<\/li>\n<li aria-level=\"1\">27020 KUKWISASTRAAT 9 D, LOKAAL 1<\/li>\n<li aria-level=\"1\">Oranjestad \u2013 Aruba<\/li>\n<\/ul>\n<h2>El anfitri\u00f3n<\/h2>\n<p>Este sitio web est\u00e1 alojado por HOSTINGER, cuya sede se encuentra en 61 Lordou Vironos Street, 6023 Larnaca, Chipre, y se puede contactar a trav\u00e9s del siguiente enlace: https:\/\/www.hostinger.com\/contact.<\/p>\n<h2>Acceso al sitio web<\/h2>\n<p>El Sitio Web es accesible desde cualquier ubicaci\u00f3n, las 24 horas del d\u00eda, los 7 d\u00edas de la semana, excepto en casos de fuerza mayor, interrupciones programadas o no programadas, o cuando se requiera mantenimiento.<\/p>\n<p>En caso de modificaci\u00f3n, interrupci\u00f3n o suspensi\u00f3n del Sitio Web, el Editor no podr\u00e1 ser considerado responsable.<\/p>\n<h2>Requisitos del sistema<\/h2>\n<p>El sitio web ha sido desarrollado para un rendimiento \u00f3ptimo en navegadores compatibles con est\u00e1ndares web como Chrome, Firefox, Safari, Opera e Internet Explorer versiones superiores a la 8. Para cualquier pregunta t\u00e9cnica sobre el sitio web, env\u00ede un correo electr\u00f3nico al webmaster a la siguiente direcci\u00f3n: hello@mythosgreek.com.<\/p>","protected":false},"excerpt":{"rendered":"<p>Preamble In accordance with the provisions of Articles 6-III and 19 of Law No. 2004-575 of June 21, 2004, for Confidence in the Digital Economy (known as L.C.E.N.), the following legal notices are made available to users and visitors, hereafter referred to as the &#8220;User,&#8221; of the website https:\/\/mythosgreek.com, hereafter referred to as the &#8220;Website.&#8221; [&hellip;]<\/p>\n","protected":false},"author":1,"featured_media":0,"parent":0,"menu_order":0,"comment_status":"closed","ping_status":"closed","template":"","meta":{"_acf_changed":false,"_sitemap_exclude":false,"_sitemap_priority":"","_sitemap_frequency":"","footnotes":""},"class_list":["post-2550","page","type-page","status-publish","hentry"],"acf":[],"yoast_head":"<!-- This site is optimized with the Yoast SEO plugin v27.4 - https:\/\/yoast.com\/product\/yoast-seo-wordpress\/ -->\n<title>Legal Notice - Mythos<\/title>\n<meta name=\"robots\" content=\"index, follow, max-snippet:-1, max-image-preview:large, max-video-preview:-1\" \/>\n<link rel=\"canonical\" href=\"https:\/\/mythosgreek.com\/es\/legal-notice\/\" \/>\n<meta property=\"og:locale\" content=\"es_ES\" \/>\n<meta property=\"og:type\" content=\"article\" \/>\n<meta property=\"og:title\" content=\"Legal Notice - Mythos\" \/>\n<meta property=\"og:description\" content=\"Preamble In accordance with the provisions of Articles 6-III and 19 of Law No. 2004-575 of June 21, 2004, for Confidence in the Digital Economy (known as L.C.E.N.), the following legal notices are made available to users and visitors, hereafter referred to as the &#8220;User,&#8221; of the website https:\/\/mythosgreek.com, hereafter referred to as the &#8220;Website.&#8221; [&hellip;]\" \/>\n<meta property=\"og:url\" content=\"https:\/\/mythosgreek.com\/es\/legal-notice\/\" \/>\n<meta property=\"og:site_name\" content=\"Mythos\" \/>\n<meta property=\"article:modified_time\" content=\"2024-12-05T15:30:33+00:00\" \/>\n<meta name=\"twitter:card\" content=\"summary_large_image\" \/>\n<meta name=\"twitter:label1\" content=\"Tiempo de lectura\" \/>\n\t<meta name=\"twitter:data1\" content=\"1 minuto\" \/>\n<script type=\"application\/ld+json\" class=\"yoast-schema-graph\">{\"@context\":\"https:\\\/\\\/schema.org\",\"@graph\":[{\"@type\":\"WebPage\",\"@id\":\"https:\\\/\\\/mythosgreek.com\\\/legal-notice\\\/\",\"url\":\"https:\\\/\\\/mythosgreek.com\\\/legal-notice\\\/\",\"name\":\"Legal Notice - Mythos\",\"isPartOf\":{\"@id\":\"https:\\\/\\\/mythosgreek.com\\\/#website\"},\"datePublished\":\"2024-10-02T07:03:47+00:00\",\"dateModified\":\"2024-12-05T15:30:33+00:00\",\"breadcrumb\":{\"@id\":\"https:\\\/\\\/mythosgreek.com\\\/legal-notice\\\/#breadcrumb\"},\"inLanguage\":\"es-CO\",\"potentialAction\":[{\"@type\":\"ReadAction\",\"target\":[\"https:\\\/\\\/mythosgreek.com\\\/legal-notice\\\/\"]}]},{\"@type\":\"BreadcrumbList\",\"@id\":\"https:\\\/\\\/mythosgreek.com\\\/legal-notice\\\/#breadcrumb\",\"itemListElement\":[{\"@type\":\"ListItem\",\"position\":1,\"name\":\"Home\",\"item\":\"https:\\\/\\\/mythosgreek.com\\\/\"},{\"@type\":\"ListItem\",\"position\":2,\"name\":\"Legal Notice\"}]},{\"@type\":\"WebSite\",\"@id\":\"https:\\\/\\\/mythosgreek.com\\\/#website\",\"url\":\"https:\\\/\\\/mythosgreek.com\\\/\",\"name\":\"Mythos\",\"description\":\"Greek Frozen Yogurt\",\"publisher\":{\"@id\":\"https:\\\/\\\/mythosgreek.com\\\/#organization\"},\"potentialAction\":[{\"@type\":\"SearchAction\",\"target\":{\"@type\":\"EntryPoint\",\"urlTemplate\":\"https:\\\/\\\/mythosgreek.com\\\/?s={search_term_string}\"},\"query-input\":{\"@type\":\"PropertyValueSpecification\",\"valueRequired\":true,\"valueName\":\"search_term_string\"}}],\"inLanguage\":\"es-CO\"},{\"@type\":\"Organization\",\"@id\":\"https:\\\/\\\/mythosgreek.com\\\/#organization\",\"name\":\"Mythos\",\"url\":\"https:\\\/\\\/mythosgreek.com\\\/\",\"logo\":{\"@type\":\"ImageObject\",\"inLanguage\":\"es-CO\",\"@id\":\"https:\\\/\\\/mythosgreek.com\\\/#\\\/schema\\\/logo\\\/image\\\/\",\"url\":\"https:\\\/\\\/mythosgreek.com\\\/wp-content\\\/uploads\\\/2024\\\/09\\\/logo_mythos.svg\",\"contentUrl\":\"https:\\\/\\\/mythosgreek.com\\\/wp-content\\\/uploads\\\/2024\\\/09\\\/logo_mythos.svg\",\"width\":1500,\"height\":291,\"caption\":\"Mythos\"},\"image\":{\"@id\":\"https:\\\/\\\/mythosgreek.com\\\/#\\\/schema\\\/logo\\\/image\\\/\"}}]}<\/script>\n<!-- \/ Yoast SEO plugin. -->","yoast_head_json":{"title":"Legal Notice - Mythos","robots":{"index":"index","follow":"follow","max-snippet":"max-snippet:-1","max-image-preview":"max-image-preview:large","max-video-preview":"max-video-preview:-1"},"canonical":"https:\/\/mythosgreek.com\/es\/legal-notice\/","og_locale":"es_ES","og_type":"article","og_title":"Legal Notice - Mythos","og_description":"Preamble In accordance with the provisions of Articles 6-III and 19 of Law No. 2004-575 of June 21, 2004, for Confidence in the Digital Economy (known as L.C.E.N.), the following legal notices are made available to users and visitors, hereafter referred to as the &#8220;User,&#8221; of the website https:\/\/mythosgreek.com, hereafter referred to as the &#8220;Website.&#8221; [&hellip;]","og_url":"https:\/\/mythosgreek.com\/es\/legal-notice\/","og_site_name":"Mythos","article_modified_time":"2024-12-05T15:30:33+00:00","twitter_card":"summary_large_image","twitter_misc":{"Tiempo de lectura":"1 minuto"},"schema":{"@context":"https:\/\/schema.org","@graph":[{"@type":"WebPage","@id":"https:\/\/mythosgreek.com\/legal-notice\/","url":"https:\/\/mythosgreek.com\/legal-notice\/","name":"Legal Notice - Mythos","isPartOf":{"@id":"https:\/\/mythosgreek.com\/#website"},"datePublished":"2024-10-02T07:03:47+00:00","dateModified":"2024-12-05T15:30:33+00:00","breadcrumb":{"@id":"https:\/\/mythosgreek.com\/legal-notice\/#breadcrumb"},"inLanguage":"es-CO","potentialAction":[{"@type":"ReadAction","target":["https:\/\/mythosgreek.com\/legal-notice\/"]}]},{"@type":"BreadcrumbList","@id":"https:\/\/mythosgreek.com\/legal-notice\/#breadcrumb","itemListElement":[{"@type":"ListItem","position":1,"name":"Home","item":"https:\/\/mythosgreek.com\/"},{"@type":"ListItem","position":2,"name":"Legal Notice"}]},{"@type":"WebSite","@id":"https:\/\/mythosgreek.com\/#website","url":"https:\/\/mythosgreek.com\/","name":"Mythos","description":"Yogur helado griego","publisher":{"@id":"https:\/\/mythosgreek.com\/#organization"},"potentialAction":[{"@type":"SearchAction","target":{"@type":"EntryPoint","urlTemplate":"https:\/\/mythosgreek.com\/?s={search_term_string}"},"query-input":{"@type":"PropertyValueSpecification","valueRequired":true,"valueName":"search_term_string"}}],"inLanguage":"es-CO"},{"@type":"Organization","@id":"https:\/\/mythosgreek.com\/#organization","name":"Mythos","url":"https:\/\/mythosgreek.com\/","logo":{"@type":"ImageObject","inLanguage":"es-CO","@id":"https:\/\/mythosgreek.com\/#\/schema\/logo\/image\/","url":"https:\/\/mythosgreek.com\/wp-content\/uploads\/2024\/09\/logo_mythos.svg","contentUrl":"https:\/\/mythosgreek.com\/wp-content\/uploads\/2024\/09\/logo_mythos.svg","width":1500,"height":291,"caption":"Mythos"},"image":{"@id":"https:\/\/mythosgreek.com\/#\/schema\/logo\/image\/"}}]}},"_links":{"self":[{"href":"https:\/\/mythosgreek.com\/es\/wp-json\/wp\/v2\/pages\/2550","targetHints":{"allow":["GET"]}}],"collection":[{"href":"https:\/\/mythosgreek.com\/es\/wp-json\/wp\/v2\/pages"}],"about":[{"href":"https:\/\/mythosgreek.com\/es\/wp-json\/wp\/v2\/types\/page"}],"author":[{"embeddable":true,"href":"https:\/\/mythosgreek.com\/es\/wp-json\/wp\/v2\/users\/1"}],"replies":[{"embeddable":true,"href":"https:\/\/mythosgreek.com\/es\/wp-json\/wp\/v2\/comments?post=2550"}],"version-history":[{"count":6,"href":"https:\/\/mythosgreek.com\/es\/wp-json\/wp\/v2\/pages\/2550\/revisions"}],"predecessor-version":[{"id":2901,"href":"https:\/\/mythosgreek.com\/es\/wp-json\/wp\/v2\/pages\/2550\/revisions\/2901"}],"wp:attachment":[{"href":"https:\/\/mythosgreek.com\/es\/wp-json\/wp\/v2\/media?parent=2550"}],"curies":[{"name":"wp","href":"https:\/\/api.w.org\/{rel}","templated":true}]}}