{"id":3,"date":"2024-09-16T09:44:36","date_gmt":"2024-09-16T09:44:36","guid":{"rendered":"https:\/\/mythosgreek.com\/?page_id=3"},"modified":"2026-03-26T08:08:38","modified_gmt":"2026-03-26T08:08:38","slug":"privacy-policy","status":"publish","type":"page","link":"https:\/\/mythosgreek.com\/es\/privacy-policy\/","title":{"rendered":"pol\u00edtica de privacidad"},"content":{"rendered":"<h2>Uso<\/h2>\n<p>El acceso al sitio web, as\u00ed como el uso de su contenido, est\u00e1n sujetos a las condiciones de uso que se describen a continuaci\u00f3n. Al acceder y navegar por el sitio web, los usuarios aceptan sin reservas los siguientes t\u00e9rminos: S&amp;M COMPANY VBA se esfuerza por garantizar, en la medida de sus posibilidades, la exactitud y actualizaci\u00f3n de la informaci\u00f3n difundida en este sitio web, que se reserva el derecho de modificar en cualquier momento sin previo aviso. Sin embargo, S&amp;M COMPANY VBA no puede garantizar la exactitud, precisi\u00f3n o integridad de la informaci\u00f3n disponible en el sitio web. S&amp;M COMPANY VBA no se hace responsable de los da\u00f1os directos o indirectos que puedan resultar del acceso o uso del sitio web, incluida la inaccesibilidad, la p\u00e9rdida de datos, los da\u00f1os o los virus que puedan afectar al equipo inform\u00e1tico del usuario; la aparici\u00f3n de errores; inexactitudes u omisiones en relaci\u00f3n con la informaci\u00f3n del sitio web; y, de manera m\u00e1s general, cualquier da\u00f1o directo o indirecto, sea cual sea su causa, origen o consecuencias.<\/p>\n<h2>Protecci\u00f3n de datos personales<\/h2>\n<p>Toda informaci\u00f3n personal que el usuario pueda transmitir a S&amp;M COMPANY VBA para el uso de determinados servicios est\u00e1 sujeta a las disposiciones de la Ley n\u00ba 78-17 del 6 de enero de 1978, relativa a la inform\u00e1tica y las libertades, modificada por la Ley n\u00ba 2004-801 del 6 de agosto de 2004, \u00abrelativa a la protecci\u00f3n de las personas f\u00edsicas en lo que respecta al tratamiento de datos personales\u00bb. El usuario dispone de un derecho de acceso, rectificaci\u00f3n y supresi\u00f3n de la informaci\u00f3n personal que le concierne, que puede ejercer en cualquier momento enviando una carta a la siguiente direcci\u00f3n:<\/p>\n<ul>\n<li aria-level=\"1\">EMPRESA S&amp;M VBA<\/li>\n<li aria-level=\"1\">27020 KUKWISASTRAAT 9 D, LOKAAL 1,<\/li>\n<li aria-level=\"1\">Oranjestad \u2013 Aruba<\/li>\n<\/ul>\n<h2>Formularios de contacto<\/h2>\n<p>Ponemos a su disposici\u00f3n un formulario de contacto que nos permite recoger su nombre, apellido, direcci\u00f3n de correo electr\u00f3nico y mensaje para tramitar su solicitud. Los datos se almacenan \u00fanicamente para este fin.<\/p>\n<h2>Galletas<\/h2>\n<p>Si dejas un comentario en nuestro sitio, puedes optar por guardar tu nombre, direcci\u00f3n de correo electr\u00f3nico y sitio web en cookies. Esto es para tu comodidad, para que no tengas que volver a rellenar tus datos cuando dejes otro comentario. Estas cookies caducan al cabo de un a\u00f1o. Si tienes una cuenta e inicias sesi\u00f3n en este sitio, se instalar\u00e1 una cookie temporal para determinar si tu navegador acepta cookies. Esta cookie no contiene datos personales y se elimina al cerrar el navegador. Cuando inicias sesi\u00f3n, se instalar\u00e1n varias cookies para guardar tu informaci\u00f3n de inicio de sesi\u00f3n y tus preferencias de pantalla. Las cookies de inicio de sesi\u00f3n duran dos d\u00edas y las cookies de opciones de pantalla duran un a\u00f1o. Si seleccionas &quot;Recordarme&quot;, tu inicio de sesi\u00f3n se mantendr\u00e1 durante dos semanas. Si cierras la sesi\u00f3n de tu cuenta, se eliminar\u00e1n las cookies de inicio de sesi\u00f3n.<\/p>\n<h2>Contenido incrustado de otros sitios web<\/h2>\n<p>Los art\u00edculos de este sitio pueden incluir contenido incrustado (por ejemplo, v\u00eddeos, im\u00e1genes, art\u00edculos, etc.). El contenido incrustado de otros sitios web se comporta de la misma manera que si el visitante estuviera visitando el otro sitio web. Estos sitios web pueden recopilar datos sobre usted, utilizar cookies, incrustar herramientas de seguimiento de terceros y supervisar sus interacciones con el contenido incrustado, especialmente si tiene una cuenta y ha iniciado sesi\u00f3n en su sitio web.<\/p>\n<h2>Estad\u00edsticas y medici\u00f3n de audiencia<\/h2>\n<p>Utilizamos el servicio Google Analytics para analizar el tr\u00e1fico de nuestro sitio web. La pol\u00edtica de privacidad del servicio Google Analytics est\u00e1 disponible aqu\u00ed: <a href=\"https:\/\/www.google.com\/analytics\/learn\/privacy.html?hl=en\">https:\/\/www.google.com\/analytics\/learn\/privacy.html?hl=en<\/a><\/p>\n<h2>Periodos de conservaci\u00f3n de datos<\/h2>\n<p>Si dejas un comentario, el comentario y sus metadatos se conservan indefinidamente. Esto nos permite reconocer y aprobar autom\u00e1ticamente cualquier comentario posterior en lugar de mantenerlos en una cola de moderaci\u00f3n. En el caso de los usuarios que se registran en nuestro sitio web (si corresponde), tambi\u00e9n almacenamos la informaci\u00f3n personal que proporcionan en su perfil. Todos los usuarios pueden ver, editar o eliminar su informaci\u00f3n personal en cualquier momento (excepto su nombre de usuario). Los administradores del sitio web tambi\u00e9n pueden ver y editar esta informaci\u00f3n.<\/p>\n<h2>Sus derechos sobre los datos<\/h2>\n<p>Si tienes una cuenta o has dejado comentarios en el sitio, puedes solicitar recibir un archivo que contenga los datos personales que tenemos sobre ti, incluidos los datos que nos hayas proporcionado. Tambi\u00e9n puedes solicitar la eliminaci\u00f3n de tus datos personales. Esto no incluye los datos que estamos obligados a conservar con fines administrativos, legales o de seguridad.<\/p>\n<h2>Campo de golf<\/h2>\n<p>El sitio web puede incluir enlaces a otros sitios. Dado que S&amp;M COMPANY VBA no puede controlar estos sitios, no se hace responsable de su disponibilidad y no puede asumir ninguna responsabilidad por el contenido, los anuncios, los productos, los servicios o cualquier otro material disponible en o desde estos sitios. Adem\u00e1s, S&amp;M COMPANY VBA no se hace responsable de ning\u00fan da\u00f1o o p\u00e9rdida comprobados o supuestos que resulten de o est\u00e9n relacionados con el uso o la confianza en el contenido, los bienes o los servicios disponibles en estos sitios o fuentes externos. S&amp;M COMPANY VBA permite la creaci\u00f3n de hiperv\u00ednculos a su sitio web desde cualquier sitio, excepto aquellos que difundan informaci\u00f3n de naturaleza racista, pornogr\u00e1fica, xen\u00f3foba o contenido que pueda herir la sensibilidad de un p\u00fablico amplio. A menos que se autorice lo contrario por escrito, las p\u00e1ginas del sitio web mythosgreek.com no deben mostrarse dentro de las p\u00e1ginas de otro sitio, sino que deben aparecer en una nueva ventana. Los sitios externos vinculados a mythosgreek.com no son responsabilidad de S&amp;M COMPANY VBA, que no se hace responsable de su contenido, de los enlaces que contienen ni de los cambios o actualizaciones que se realicen en ellos.<\/p>\n<h2>Derechos de propiedad intelectual<\/h2>\n<p>El sitio web, es decir, todas sus im\u00e1genes, textos, productos, ilustraciones, as\u00ed como el software utilizado durante la navegaci\u00f3n en \u00e9l o en relaci\u00f3n con \u00e9l, est\u00e1n protegidos por los derechos de propiedad intelectual. Salvo que se indique lo contrario, los derechos de propiedad intelectual sobre todos los documentos y contenidos del sitio web son propiedad exclusiva de S&amp;M COMPANY VBA. El acceso al sitio web no implica ninguna cesi\u00f3n de derechos al usuario. La representaci\u00f3n y\/o reproducci\u00f3n, incluso parcial, de todos los documentos que aparecen en el sitio solo est\u00e1 autorizada con fines informativos, para uso personal y privado. Cualquier representaci\u00f3n, reproducci\u00f3n, extracci\u00f3n, incluso parcial, y, de manera m\u00e1s general, cualquier uso para otros fines, est\u00e1 expresamente prohibido. Tambi\u00e9n est\u00e1 prohibido copiar, modificar, crear un trabajo derivado, realizar ingenier\u00eda inversa, desensamblar o intentar de otro modo descubrir el c\u00f3digo fuente (salvo lo previsto por la ley), vender, ceder, sublicenciar o transferir de cualquier manera cualquier derecho relacionado con el software. De igual forma, tambi\u00e9n queda prohibido modificar el software o utilizar versiones modificadas del software, incluyendo (pero no limitado a) con el prop\u00f3sito de obtener acceso no autorizado al servicio o acceder al sitio a trav\u00e9s de medios distintos a la interfaz provista para tal prop\u00f3sito.<\/p>","protected":false},"excerpt":{"rendered":"<p>Usage Access to the website, as well as the use of its content, are subject to the terms of use described below. By accessing and browsing the website, users accept without reservation the following terms: S&amp;M COMPANY VBA strives to ensure, to the best of its abilities, the accuracy and update of the information disseminated [&hellip;]<\/p>\n","protected":false},"author":1,"featured_media":0,"parent":0,"menu_order":0,"comment_status":"closed","ping_status":"open","template":"","meta":{"_acf_changed":false,"_sitemap_exclude":false,"_sitemap_priority":"","_sitemap_frequency":"","footnotes":""},"class_list":["post-3","page","type-page","status-publish","hentry"],"acf":[],"yoast_head":"<!-- This site is optimized with the Yoast SEO plugin v27.4 - https:\/\/yoast.com\/product\/yoast-seo-wordpress\/ -->\n<title>Privacy Policy - Mythos<\/title>\n<meta name=\"robots\" content=\"index, follow, max-snippet:-1, max-image-preview:large, max-video-preview:-1\" \/>\n<link rel=\"canonical\" href=\"https:\/\/mythosgreek.com\/es\/privacy-policy\/\" \/>\n<meta property=\"og:locale\" content=\"es_ES\" \/>\n<meta property=\"og:type\" content=\"article\" \/>\n<meta property=\"og:title\" content=\"Privacy Policy - Mythos\" \/>\n<meta property=\"og:description\" content=\"Usage Access to the website, as well as the use of its content, are subject to the terms of use described below. By accessing and browsing the website, users accept without reservation the following terms: S&amp;M COMPANY VBA strives to ensure, to the best of its abilities, the accuracy and update of the information disseminated [&hellip;]\" \/>\n<meta property=\"og:url\" content=\"https:\/\/mythosgreek.com\/es\/privacy-policy\/\" \/>\n<meta property=\"og:site_name\" content=\"Mythos\" \/>\n<meta property=\"article:modified_time\" content=\"2026-03-26T08:08:38+00:00\" \/>\n<meta name=\"twitter:card\" content=\"summary_large_image\" \/>\n<meta name=\"twitter:label1\" content=\"Tiempo de lectura\" \/>\n\t<meta name=\"twitter:data1\" content=\"5 minutos\" \/>\n<script type=\"application\/ld+json\" class=\"yoast-schema-graph\">{\"@context\":\"https:\\\/\\\/schema.org\",\"@graph\":[{\"@type\":\"WebPage\",\"@id\":\"https:\\\/\\\/mythosgreek.com\\\/privacy-policy\\\/\",\"url\":\"https:\\\/\\\/mythosgreek.com\\\/privacy-policy\\\/\",\"name\":\"Privacy Policy - Mythos\",\"isPartOf\":{\"@id\":\"https:\\\/\\\/mythosgreek.com\\\/#website\"},\"datePublished\":\"2024-09-16T09:44:36+00:00\",\"dateModified\":\"2026-03-26T08:08:38+00:00\",\"breadcrumb\":{\"@id\":\"https:\\\/\\\/mythosgreek.com\\\/privacy-policy\\\/#breadcrumb\"},\"inLanguage\":\"es-CO\",\"potentialAction\":[{\"@type\":\"ReadAction\",\"target\":[\"https:\\\/\\\/mythosgreek.com\\\/privacy-policy\\\/\"]}]},{\"@type\":\"BreadcrumbList\",\"@id\":\"https:\\\/\\\/mythosgreek.com\\\/privacy-policy\\\/#breadcrumb\",\"itemListElement\":[{\"@type\":\"ListItem\",\"position\":1,\"name\":\"Home\",\"item\":\"https:\\\/\\\/mythosgreek.com\\\/\"},{\"@type\":\"ListItem\",\"position\":2,\"name\":\"Privacy Policy\"}]},{\"@type\":\"WebSite\",\"@id\":\"https:\\\/\\\/mythosgreek.com\\\/#website\",\"url\":\"https:\\\/\\\/mythosgreek.com\\\/\",\"name\":\"Mythos\",\"description\":\"Greek Frozen Yogurt\",\"publisher\":{\"@id\":\"https:\\\/\\\/mythosgreek.com\\\/#organization\"},\"potentialAction\":[{\"@type\":\"SearchAction\",\"target\":{\"@type\":\"EntryPoint\",\"urlTemplate\":\"https:\\\/\\\/mythosgreek.com\\\/?s={search_term_string}\"},\"query-input\":{\"@type\":\"PropertyValueSpecification\",\"valueRequired\":true,\"valueName\":\"search_term_string\"}}],\"inLanguage\":\"es-CO\"},{\"@type\":\"Organization\",\"@id\":\"https:\\\/\\\/mythosgreek.com\\\/#organization\",\"name\":\"Mythos\",\"url\":\"https:\\\/\\\/mythosgreek.com\\\/\",\"logo\":{\"@type\":\"ImageObject\",\"inLanguage\":\"es-CO\",\"@id\":\"https:\\\/\\\/mythosgreek.com\\\/#\\\/schema\\\/logo\\\/image\\\/\",\"url\":\"https:\\\/\\\/mythosgreek.com\\\/wp-content\\\/uploads\\\/2024\\\/09\\\/logo_mythos.svg\",\"contentUrl\":\"https:\\\/\\\/mythosgreek.com\\\/wp-content\\\/uploads\\\/2024\\\/09\\\/logo_mythos.svg\",\"width\":1500,\"height\":291,\"caption\":\"Mythos\"},\"image\":{\"@id\":\"https:\\\/\\\/mythosgreek.com\\\/#\\\/schema\\\/logo\\\/image\\\/\"}}]}<\/script>\n<!-- \/ Yoast SEO plugin. -->","yoast_head_json":{"title":"Privacy Policy - Mythos","robots":{"index":"index","follow":"follow","max-snippet":"max-snippet:-1","max-image-preview":"max-image-preview:large","max-video-preview":"max-video-preview:-1"},"canonical":"https:\/\/mythosgreek.com\/es\/privacy-policy\/","og_locale":"es_ES","og_type":"article","og_title":"Privacy Policy - Mythos","og_description":"Usage Access to the website, as well as the use of its content, are subject to the terms of use described below. By accessing and browsing the website, users accept without reservation the following terms: S&amp;M COMPANY VBA strives to ensure, to the best of its abilities, the accuracy and update of the information disseminated [&hellip;]","og_url":"https:\/\/mythosgreek.com\/es\/privacy-policy\/","og_site_name":"Mythos","article_modified_time":"2026-03-26T08:08:38+00:00","twitter_card":"summary_large_image","twitter_misc":{"Tiempo de lectura":"5 minutos"},"schema":{"@context":"https:\/\/schema.org","@graph":[{"@type":"WebPage","@id":"https:\/\/mythosgreek.com\/privacy-policy\/","url":"https:\/\/mythosgreek.com\/privacy-policy\/","name":"Privacy Policy - Mythos","isPartOf":{"@id":"https:\/\/mythosgreek.com\/#website"},"datePublished":"2024-09-16T09:44:36+00:00","dateModified":"2026-03-26T08:08:38+00:00","breadcrumb":{"@id":"https:\/\/mythosgreek.com\/privacy-policy\/#breadcrumb"},"inLanguage":"es-CO","potentialAction":[{"@type":"ReadAction","target":["https:\/\/mythosgreek.com\/privacy-policy\/"]}]},{"@type":"BreadcrumbList","@id":"https:\/\/mythosgreek.com\/privacy-policy\/#breadcrumb","itemListElement":[{"@type":"ListItem","position":1,"name":"Home","item":"https:\/\/mythosgreek.com\/"},{"@type":"ListItem","position":2,"name":"Privacy Policy"}]},{"@type":"WebSite","@id":"https:\/\/mythosgreek.com\/#website","url":"https:\/\/mythosgreek.com\/","name":"Mythos","description":"Yogur helado griego","publisher":{"@id":"https:\/\/mythosgreek.com\/#organization"},"potentialAction":[{"@type":"SearchAction","target":{"@type":"EntryPoint","urlTemplate":"https:\/\/mythosgreek.com\/?s={search_term_string}"},"query-input":{"@type":"PropertyValueSpecification","valueRequired":true,"valueName":"search_term_string"}}],"inLanguage":"es-CO"},{"@type":"Organization","@id":"https:\/\/mythosgreek.com\/#organization","name":"Mythos","url":"https:\/\/mythosgreek.com\/","logo":{"@type":"ImageObject","inLanguage":"es-CO","@id":"https:\/\/mythosgreek.com\/#\/schema\/logo\/image\/","url":"https:\/\/mythosgreek.com\/wp-content\/uploads\/2024\/09\/logo_mythos.svg","contentUrl":"https:\/\/mythosgreek.com\/wp-content\/uploads\/2024\/09\/logo_mythos.svg","width":1500,"height":291,"caption":"Mythos"},"image":{"@id":"https:\/\/mythosgreek.com\/#\/schema\/logo\/image\/"}}]}},"_links":{"self":[{"href":"https:\/\/mythosgreek.com\/es\/wp-json\/wp\/v2\/pages\/3","targetHints":{"allow":["GET"]}}],"collection":[{"href":"https:\/\/mythosgreek.com\/es\/wp-json\/wp\/v2\/pages"}],"about":[{"href":"https:\/\/mythosgreek.com\/es\/wp-json\/wp\/v2\/types\/page"}],"author":[{"embeddable":true,"href":"https:\/\/mythosgreek.com\/es\/wp-json\/wp\/v2\/users\/1"}],"replies":[{"embeddable":true,"href":"https:\/\/mythosgreek.com\/es\/wp-json\/wp\/v2\/comments?post=3"}],"version-history":[{"count":5,"href":"https:\/\/mythosgreek.com\/es\/wp-json\/wp\/v2\/pages\/3\/revisions"}],"predecessor-version":[{"id":2842,"href":"https:\/\/mythosgreek.com\/es\/wp-json\/wp\/v2\/pages\/3\/revisions\/2842"}],"wp:attachment":[{"href":"https:\/\/mythosgreek.com\/es\/wp-json\/wp\/v2\/media?parent=3"}],"curies":[{"name":"wp","href":"https:\/\/api.w.org\/{rel}","templated":true}]}}