{"id":2550,"date":"2024-10-02T07:03:47","date_gmt":"2024-10-02T07:03:47","guid":{"rendered":"https:\/\/mythosgreek.com\/?page_id=2550"},"modified":"2024-12-05T15:30:33","modified_gmt":"2024-12-05T15:30:33","slug":"legal-notice","status":"publish","type":"page","link":"https:\/\/mythosgreek.com\/fr\/legal-notice\/","title":{"rendered":"Avis juridique"},"content":{"rendered":"<h2>Pr\u00e9ambule<\/h2>\n<p>Conform\u00e9ment aux dispositions des articles 6-III et 19 de la loi n\u00b0 2004-575 du 21 juin 2004 pour la confiance dans l&#039;\u00e9conomie num\u00e9rique (dite LCEN), les mentions l\u00e9gales suivantes sont mises \u00e0 la disposition des utilisateurs et visiteurs, ci-apr\u00e8s d\u00e9nomm\u00e9s \u201c\u00a0Utilisateur\u00a0\u201d, du site web <a href=\"https:\/\/mythosgreek.com\/fr\/\">https:\/\/mythosgreek.com<\/a>, ci-apr\u00e8s d\u00e9nomm\u00e9 le \u201c Site Web \u201d.\u201d<\/p>\n<p>La connexion et la navigation sur le Site Web par l&#039;Utilisateur impliquent l&#039;acceptation pleine et enti\u00e8re des pr\u00e9sentes mentions l\u00e9gales.<\/p>\n<p>Ces avis sont accessibles sur le site Web dans la section \u201c\u00a0Mentions l\u00e9gales\u00a0\u201d.<\/p>\n<h2>L&#039;\u00e9diteur<\/h2>\n<p>Ce site web, accessible \u00e0 <a href=\"https:\/\/mythosgreek.com\/fr\/\">https:\/\/mythosgreek.com<\/a>, est d\u00e9velopp\u00e9 par S&amp;M COMPANY VBA, code APE 46.90Z, sous le num\u00e9ro Siret 89202339100014, dont le si\u00e8ge social est situ\u00e9 \u00e0 l&#039;adresse suivante\u00a0:<\/p>\n<ul>\n<li aria-level=\"1\">S&amp;M COMPANY VBA<\/li>\n<li aria-level=\"1\">27020 KUKWISASTRAAT 9 D, LOKAAL 1<\/li>\n<li aria-level=\"1\">Oranjestad \u2013 Aruba<\/li>\n<\/ul>\n<h2>L&#039;h\u00f4te<\/h2>\n<p>Ce site web est h\u00e9berg\u00e9 par HOSTINGER, dont le si\u00e8ge social est situ\u00e9 au 61 rue Lordou Vironos, 6023 Larnaca, Chypre, et peut \u00eatre contact\u00e9 via le lien suivant\u00a0: https:\/\/www.hostinger.com\/contact.<\/p>\n<h2>Acc\u00e8s au site Web<\/h2>\n<p>Le site Web est accessible depuis n&#039;importe quel endroit, 24h\/24 et 7j\/7, sauf en cas de force majeure, d&#039;interruptions programm\u00e9es ou non, ou lorsque des op\u00e9rations de maintenance sont n\u00e9cessaires.<\/p>\n<p>En cas de modification, d&#039;interruption ou de suspension du site web, l&#039;\u00e9diteur ne pourra \u00eatre tenu responsable.<\/p>\n<h2>Configuration syst\u00e8me requise<\/h2>\n<p>Ce site web a \u00e9t\u00e9 d\u00e9velopp\u00e9 pour offrir des performances optimales sur les navigateurs conformes aux normes web tels que Chrome, Firefox, Safari, Opera et Internet Explorer versions sup\u00e9rieures \u00e0 8. Pour toute question technique concernant le site web, veuillez envoyer un courriel au webmaster \u00e0 l&#039;adresse suivante\u00a0: hello@mythosgreek.com.<\/p>","protected":false},"excerpt":{"rendered":"<p>Preamble In accordance with the provisions of Articles 6-III and 19 of Law No. 2004-575 of June 21, 2004, for Confidence in the Digital Economy (known as L.C.E.N.), the following legal notices are made available to users and visitors, hereafter referred to as the &#8220;User,&#8221; of the website https:\/\/mythosgreek.com, hereafter referred to as the &#8220;Website.&#8221; [&hellip;]<\/p>\n","protected":false},"author":1,"featured_media":0,"parent":0,"menu_order":0,"comment_status":"closed","ping_status":"closed","template":"","meta":{"_acf_changed":false,"_sitemap_exclude":false,"_sitemap_priority":"","_sitemap_frequency":"","footnotes":""},"class_list":["post-2550","page","type-page","status-publish","hentry"],"acf":[],"yoast_head":"<!-- This site is optimized with the Yoast SEO plugin v27.3 - https:\/\/yoast.com\/product\/yoast-seo-wordpress\/ -->\n<title>Legal Notice - Mythos<\/title>\n<meta name=\"robots\" content=\"index, follow, max-snippet:-1, max-image-preview:large, max-video-preview:-1\" \/>\n<link rel=\"canonical\" href=\"https:\/\/mythosgreek.com\/fr\/legal-notice\/\" \/>\n<meta property=\"og:locale\" content=\"fr_FR\" \/>\n<meta property=\"og:type\" content=\"article\" \/>\n<meta property=\"og:title\" content=\"Legal Notice - Mythos\" \/>\n<meta property=\"og:description\" content=\"Preamble In accordance with the provisions of Articles 6-III and 19 of Law No. 2004-575 of June 21, 2004, for Confidence in the Digital Economy (known as L.C.E.N.), the following legal notices are made available to users and visitors, hereafter referred to as the &#8220;User,&#8221; of the website https:\/\/mythosgreek.com, hereafter referred to as the &#8220;Website.&#8221; [&hellip;]\" \/>\n<meta property=\"og:url\" content=\"https:\/\/mythosgreek.com\/fr\/legal-notice\/\" \/>\n<meta property=\"og:site_name\" content=\"Mythos\" \/>\n<meta property=\"article:modified_time\" content=\"2024-12-05T15:30:33+00:00\" \/>\n<meta name=\"twitter:card\" content=\"summary_large_image\" \/>\n<meta name=\"twitter:label1\" content=\"Dur\u00e9e de lecture estim\u00e9e\" \/>\n\t<meta name=\"twitter:data1\" content=\"1 minute\" \/>\n<script type=\"application\/ld+json\" class=\"yoast-schema-graph\">{\"@context\":\"https:\\\/\\\/schema.org\",\"@graph\":[{\"@type\":\"WebPage\",\"@id\":\"https:\\\/\\\/mythosgreek.com\\\/legal-notice\\\/\",\"url\":\"https:\\\/\\\/mythosgreek.com\\\/legal-notice\\\/\",\"name\":\"Legal Notice - Mythos\",\"isPartOf\":{\"@id\":\"https:\\\/\\\/mythosgreek.com\\\/#website\"},\"datePublished\":\"2024-10-02T07:03:47+00:00\",\"dateModified\":\"2024-12-05T15:30:33+00:00\",\"breadcrumb\":{\"@id\":\"https:\\\/\\\/mythosgreek.com\\\/legal-notice\\\/#breadcrumb\"},\"inLanguage\":\"fr-FR\",\"potentialAction\":[{\"@type\":\"ReadAction\",\"target\":[\"https:\\\/\\\/mythosgreek.com\\\/legal-notice\\\/\"]}]},{\"@type\":\"BreadcrumbList\",\"@id\":\"https:\\\/\\\/mythosgreek.com\\\/legal-notice\\\/#breadcrumb\",\"itemListElement\":[{\"@type\":\"ListItem\",\"position\":1,\"name\":\"Home\",\"item\":\"https:\\\/\\\/mythosgreek.com\\\/\"},{\"@type\":\"ListItem\",\"position\":2,\"name\":\"Legal Notice\"}]},{\"@type\":\"WebSite\",\"@id\":\"https:\\\/\\\/mythosgreek.com\\\/#website\",\"url\":\"https:\\\/\\\/mythosgreek.com\\\/\",\"name\":\"Mythos\",\"description\":\"Greek Frozen Yogurt\",\"publisher\":{\"@id\":\"https:\\\/\\\/mythosgreek.com\\\/#organization\"},\"potentialAction\":[{\"@type\":\"SearchAction\",\"target\":{\"@type\":\"EntryPoint\",\"urlTemplate\":\"https:\\\/\\\/mythosgreek.com\\\/?s={search_term_string}\"},\"query-input\":{\"@type\":\"PropertyValueSpecification\",\"valueRequired\":true,\"valueName\":\"search_term_string\"}}],\"inLanguage\":\"fr-FR\"},{\"@type\":\"Organization\",\"@id\":\"https:\\\/\\\/mythosgreek.com\\\/#organization\",\"name\":\"Mythos\",\"url\":\"https:\\\/\\\/mythosgreek.com\\\/\",\"logo\":{\"@type\":\"ImageObject\",\"inLanguage\":\"fr-FR\",\"@id\":\"https:\\\/\\\/mythosgreek.com\\\/#\\\/schema\\\/logo\\\/image\\\/\",\"url\":\"https:\\\/\\\/mythosgreek.com\\\/wp-content\\\/uploads\\\/2024\\\/09\\\/logo_mythos.svg\",\"contentUrl\":\"https:\\\/\\\/mythosgreek.com\\\/wp-content\\\/uploads\\\/2024\\\/09\\\/logo_mythos.svg\",\"width\":1500,\"height\":291,\"caption\":\"Mythos\"},\"image\":{\"@id\":\"https:\\\/\\\/mythosgreek.com\\\/#\\\/schema\\\/logo\\\/image\\\/\"}}]}<\/script>\n<!-- \/ Yoast SEO plugin. -->","yoast_head_json":{"title":"Legal Notice - Mythos","robots":{"index":"index","follow":"follow","max-snippet":"max-snippet:-1","max-image-preview":"max-image-preview:large","max-video-preview":"max-video-preview:-1"},"canonical":"https:\/\/mythosgreek.com\/fr\/legal-notice\/","og_locale":"fr_FR","og_type":"article","og_title":"Legal Notice - Mythos","og_description":"Preamble In accordance with the provisions of Articles 6-III and 19 of Law No. 2004-575 of June 21, 2004, for Confidence in the Digital Economy (known as L.C.E.N.), the following legal notices are made available to users and visitors, hereafter referred to as the &#8220;User,&#8221; of the website https:\/\/mythosgreek.com, hereafter referred to as the &#8220;Website.&#8221; [&hellip;]","og_url":"https:\/\/mythosgreek.com\/fr\/legal-notice\/","og_site_name":"Mythos","article_modified_time":"2024-12-05T15:30:33+00:00","twitter_card":"summary_large_image","twitter_misc":{"Dur\u00e9e de lecture estim\u00e9e":"1 minute"},"schema":{"@context":"https:\/\/schema.org","@graph":[{"@type":"WebPage","@id":"https:\/\/mythosgreek.com\/legal-notice\/","url":"https:\/\/mythosgreek.com\/legal-notice\/","name":"Legal Notice - Mythos","isPartOf":{"@id":"https:\/\/mythosgreek.com\/#website"},"datePublished":"2024-10-02T07:03:47+00:00","dateModified":"2024-12-05T15:30:33+00:00","breadcrumb":{"@id":"https:\/\/mythosgreek.com\/legal-notice\/#breadcrumb"},"inLanguage":"fr-FR","potentialAction":[{"@type":"ReadAction","target":["https:\/\/mythosgreek.com\/legal-notice\/"]}]},{"@type":"BreadcrumbList","@id":"https:\/\/mythosgreek.com\/legal-notice\/#breadcrumb","itemListElement":[{"@type":"ListItem","position":1,"name":"Home","item":"https:\/\/mythosgreek.com\/"},{"@type":"ListItem","position":2,"name":"Legal Notice"}]},{"@type":"WebSite","@id":"https:\/\/mythosgreek.com\/#website","url":"https:\/\/mythosgreek.com\/","name":"Mythos","description":"Yaourt glac\u00e9 grec","publisher":{"@id":"https:\/\/mythosgreek.com\/#organization"},"potentialAction":[{"@type":"SearchAction","target":{"@type":"EntryPoint","urlTemplate":"https:\/\/mythosgreek.com\/?s={search_term_string}"},"query-input":{"@type":"PropertyValueSpecification","valueRequired":true,"valueName":"search_term_string"}}],"inLanguage":"fr-FR"},{"@type":"Organization","@id":"https:\/\/mythosgreek.com\/#organization","name":"Mythos","url":"https:\/\/mythosgreek.com\/","logo":{"@type":"ImageObject","inLanguage":"fr-FR","@id":"https:\/\/mythosgreek.com\/#\/schema\/logo\/image\/","url":"https:\/\/mythosgreek.com\/wp-content\/uploads\/2024\/09\/logo_mythos.svg","contentUrl":"https:\/\/mythosgreek.com\/wp-content\/uploads\/2024\/09\/logo_mythos.svg","width":1500,"height":291,"caption":"Mythos"},"image":{"@id":"https:\/\/mythosgreek.com\/#\/schema\/logo\/image\/"}}]}},"_links":{"self":[{"href":"https:\/\/mythosgreek.com\/fr\/wp-json\/wp\/v2\/pages\/2550","targetHints":{"allow":["GET"]}}],"collection":[{"href":"https:\/\/mythosgreek.com\/fr\/wp-json\/wp\/v2\/pages"}],"about":[{"href":"https:\/\/mythosgreek.com\/fr\/wp-json\/wp\/v2\/types\/page"}],"author":[{"embeddable":true,"href":"https:\/\/mythosgreek.com\/fr\/wp-json\/wp\/v2\/users\/1"}],"replies":[{"embeddable":true,"href":"https:\/\/mythosgreek.com\/fr\/wp-json\/wp\/v2\/comments?post=2550"}],"version-history":[{"count":6,"href":"https:\/\/mythosgreek.com\/fr\/wp-json\/wp\/v2\/pages\/2550\/revisions"}],"predecessor-version":[{"id":2901,"href":"https:\/\/mythosgreek.com\/fr\/wp-json\/wp\/v2\/pages\/2550\/revisions\/2901"}],"wp:attachment":[{"href":"https:\/\/mythosgreek.com\/fr\/wp-json\/wp\/v2\/media?parent=2550"}],"curies":[{"name":"wp","href":"https:\/\/api.w.org\/{rel}","templated":true}]}}